{"id":35,"date":"2013-07-24T02:59:47","date_gmt":"2013-07-24T02:59:47","guid":{"rendered":"http:\/\/opensips.com.br\/wp\/?page_id=35"},"modified":"2013-07-29T12:42:43","modified_gmt":"2013-07-29T15:42:43","slug":"participar","status":"publish","type":"page","link":"http:\/\/opensips.com.br\/wp\/index.php\/participar\/","title":{"rendered":"Participar"},"content":{"rendered":"<p>No momento, ainda estamos elaborando e montando as ferramentas necess\u00e1rias para colabora\u00e7\u00e3o, existe atualmente um grupo criado no google groups que voc\u00ea pode se inscrever ( <a title=\"Opensipsbrasil Google Groups\" href=\"https:\/\/groups.google.com\/forum\/#!forum\/opensipsbrasil\" target=\"_blank\">https:\/\/groups.google.com\/forum\/#!forum\/opensipsbrasil<\/a> ) .<\/p>\n<p>Disponibilizamos tamb\u00e9m o nosso wiki para gera\u00e7\u00e3o de documenta\u00e7\u00e3o atrav\u00e9s de colabora\u00e7\u00e3o, com o wiki voc\u00ea pode gerar uma documenta\u00e7\u00e3o, outros membros podem realizar corre\u00e7\u00e3o ou acrescentar informa\u00e7\u00f5es, para acessar basta clicar no link wiki no menu ou entrar em <a href=\"http:\/\/www.opensips.com.br\/wiki\/\" target=\"_blank\">http:\/\/www.opensips.com.br\/wiki\/<\/a><\/p>\n<p>Estamos aguardando sua contribui\u00e7\u00e3o!<\/p>\n<p>&nbsp;<\/p>\n<p>&nbsp;<\/p>\n","protected":false},"excerpt":{"rendered":"<p>No momento, ainda estamos elaborando e montando as ferramentas necess\u00e1rias para colabora\u00e7\u00e3o, existe atualmente um grupo criado no google groups que voc\u00ea pode se inscrever ( https:\/\/groups.google.com\/forum\/#!forum\/opensipsbrasil ) . Disponibilizamos tamb\u00e9m o nosso wiki para gera\u00e7\u00e3o de documenta\u00e7\u00e3o atrav\u00e9s de &hellip;<\/p>\n<p class=\"read-more\"> <a class=\"more-link\" href=\"http:\/\/opensips.com.br\/wp\/index.php\/participar\/\"> <span class=\"screen-reader-text\">Participar<\/span> Read More &raquo;<\/a><\/p>\n","protected":false},"author":1,"featured_media":0,"parent":0,"menu_order":0,"comment_status":"closed","ping_status":"closed","template":"","meta":[],"_links":{"self":[{"href":"http:\/\/opensips.com.br\/wp\/index.php\/wp-json\/wp\/v2\/pages\/35"}],"collection":[{"href":"http:\/\/opensips.com.br\/wp\/index.php\/wp-json\/wp\/v2\/pages"}],"about":[{"href":"http:\/\/opensips.com.br\/wp\/index.php\/wp-json\/wp\/v2\/types\/page"}],"author":[{"embeddable":true,"href":"http:\/\/opensips.com.br\/wp\/index.php\/wp-json\/wp\/v2\/users\/1"}],"replies":[{"embeddable":true,"href":"http:\/\/opensips.com.br\/wp\/index.php\/wp-json\/wp\/v2\/comments?post=35"}],"version-history":[{"count":5,"href":"http:\/\/opensips.com.br\/wp\/index.php\/wp-json\/wp\/v2\/pages\/35\/revisions"}],"predecessor-version":[{"id":44,"href":"http:\/\/opensips.com.br\/wp\/index.php\/wp-json\/wp\/v2\/pages\/35\/revisions\/44"}],"wp:attachment":[{"href":"http:\/\/opensips.com.br\/wp\/index.php\/wp-json\/wp\/v2\/media?parent=35"}],"curies":[{"name":"wp","href":"https:\/\/api.w.org\/{rel}","templated":true}]}}